{"id":917,"date":"2025-11-23T20:21:56","date_gmt":"2025-11-23T20:21:56","guid":{"rendered":"https:\/\/mktmty.com\/osip\/?page_id=917"},"modified":"2025-11-23T20:21:56","modified_gmt":"2025-11-23T20:21:56","slug":"creacion-de-contenido","status":"publish","type":"page","link":"https:\/\/consultoresosip.com.mx\/index.php\/creacion-de-contenido\/","title":{"rendered":"Creaci\u00f3n de contenido"},"content":{"rendered":"\n<div class=\"wp-block-stackable-columns alignfull stk-block-columns stk-block stk-948158f stk-block-background stk--has-background-overlay\" data-block-id=\"948158f\"><style>.stk-948158f {background-color:#1d2233 !important;background-image:url(https:\/\/mktmty.com\/osip\/wp-content\/uploads\/2022\/05\/lines-background-2.svg) !important;min-height:500px !important;align-items:center !important;padding-top:var(--stk--preset--spacing--70, 3.38rem) !important;padding-right:var(--stk--preset--spacing--70, 3.38rem) !important;padding-bottom:var(--stk--preset--spacing--70, 3.38rem) !important;padding-left:var(--stk--preset--spacing--70, 3.38rem) !important;margin-bottom:0px !important;display:flex !important;}.stk-948158f:before{background-color:#1d2233 !important;opacity:0.5 !important;}<\/style><div class=\"stk-row stk-inner-blocks stk-block-content stk-content-align stk-948158f-column alignwide\">\n<div class=\"wp-block-stackable-column stk-block-column stk-column stk-block stk-cc950bb\" data-v=\"4\" data-block-id=\"cc950bb\"><div class=\"stk-column-wrapper stk-block-column__content stk-container stk-cc950bb-container stk--no-background stk--no-padding\"><div class=\"stk-block-content stk-inner-blocks stk-cc950bb-inner-blocks\">\n<div style=\"height:50px\" aria-hidden=\"true\" class=\"wp-block-spacer\"><\/div>\n\n\n\n<div class=\"wp-block-stackable-heading stk-block-heading stk-block-heading--v2 stk-block stk-1506440\" id=\"heading-placeholder\" data-block-id=\"1506440\"><style>.stk-1506440 .stk-block-heading__text{font-size:75px !important;color:#ffffff !important;}@media screen and (max-width:999px){.stk-1506440 .stk-block-heading__text{font-size:50px !important;}}<\/style><h2 class=\"stk-block-heading__text has-text-color has-text-align-center\">Creaci\u00f3n de contenido<\/h2><\/div>\n\n\n\n<div class=\"wp-block-stackable-text stk-block-text stk-block stk-6cba149\" data-block-id=\"6cba149\"><style>.stk-6cba149 .stk-block-text__text{color:#ffffff !important;}<\/style><p class=\"stk-block-text__text has-text-color has-text-align-center\">Contamos con diversos servicios para la creaci\u00f3n de contenido con los cuales te ayudaremos <br>a impulsar tu marca y llevarlo  al siguiente nivel.<\/p><\/div>\n\n\n\n<div style=\"height:50px\" aria-hidden=\"true\" class=\"wp-block-spacer\"><\/div>\n<\/div><\/div><\/div>\n<\/div><\/div>\n\n\n\n<div class=\"wp-block-stackable-columns alignfull stk-block-columns stk-block stk-8d030d1 stk-block-background stk--has-background-overlay\" data-block-id=\"8d030d1\"><style>.stk-8d030d1 {background-color:#0f0e17 !important;background-image:url(https:\/\/consultoresosip.com.mx\/wp-content\/uploads\/2025\/11\/FOTO-PARA-VIDEOS-de-tamano-grande.jpeg) !important;padding-top:var(--stk--preset--spacing--70, 3.38rem) !important;padding-right:var(--stk--preset--spacing--70, 3.38rem) !important;padding-bottom:var(--stk--preset--spacing--70, 3.38rem) !important;padding-left:var(--stk--preset--spacing--70, 3.38rem) !important;margin-bottom:0px !important;}.stk-8d030d1:before{background-color:#0f0e17 !important;opacity:0.5 !important;}<\/style><div class=\"stk-row stk-inner-blocks stk-block-content stk-content-align stk-8d030d1-column alignwide\">\n<div class=\"wp-block-stackable-column stk-block-column stk-column stk-block stk-6601b68\" data-v=\"4\" data-block-id=\"6601b68\"><style>.stk-6601b68-inner-blocks{justify-content:center !important;}<\/style><div class=\"stk-column-wrapper stk-block-column__content stk-container stk-6601b68-container stk--no-background stk--no-padding\"><div class=\"stk--column-flex stk-block-content stk-inner-blocks stk-6601b68-inner-blocks\">\n<div style=\"height:100px\" aria-hidden=\"true\" class=\"wp-block-spacer\"><\/div>\n\n\n\n<div class=\"wp-block-stackable-columns stk-block-columns stk-block stk-f2b6bab\" data-block-id=\"f2b6bab\"><style>.stk-f2b6bab .stk--block-align-f2b6bab{align-items:center !important;}.stk-f2b6bab {margin-bottom:0px !important;}<\/style><div class=\"stk-row stk-inner-blocks stk--block-align-f2b6bab stk-block-content stk-content-align stk-f2b6bab-column\">\n<div class=\"wp-block-stackable-column stk-block-column stk-column stk-block stk-f1f086c\" data-v=\"4\" data-block-id=\"f1f086c\"><style>@media screen and (min-width:690px){.stk-f1f086c {flex:var(--stk-flex-grow, 1) 1 calc(33.333% - var(--stk-column-gap, 0px) * 1 \/ 2 ) !important;}}<\/style><div class=\"stk-column-wrapper stk-block-column__content stk-container stk-f1f086c-container stk--no-background stk--no-padding\"><div class=\"stk-block-content stk-inner-blocks stk-f1f086c-inner-blocks\">\n<div class=\"wp-block-stackable-heading stk-block-heading stk-block-heading--v2 stk-block stk-7454e96\" id=\"heading-placeholder\" data-block-id=\"7454e96\"><style>.stk-7454e96 .stk-block-heading__text{font-size:40px !important;color:#ffffff !important;}@media screen and (max-width:999px){.stk-7454e96 .stk-block-heading__text{font-size:40px !important;}}<\/style><h2 class=\"stk-block-heading__text has-text-color\">Fotografia publicitaria<\/h2><\/div>\n\n\n\n<div class=\"wp-block-stackable-text stk-block-text stk-block stk-bcb16dd\" data-block-id=\"bcb16dd\"><style>.stk-bcb16dd .stk-block-text__text{color:#ffffff !important;}<\/style><p class=\"stk-block-text__text has-text-color\">Nos especializamos en la fotograf\u00eda de producto y video documental, buscamos elevar el nivel visual de los productos y servicios que nuestros clientes<\/p><\/div>\n<\/div><\/div><\/div>\n\n\n\n<div class=\"wp-block-stackable-column stk-block-column stk-column stk-block stk-6eeb16b\" data-v=\"4\" data-block-id=\"6eeb16b\"><style>@media screen and (min-width:690px){.stk-6eeb16b {flex:var(--stk-flex-grow, 1) 1 calc(66.667% - var(--stk-column-gap, 0px) * 1 \/ 2 ) !important;}}<\/style><div class=\"stk-column-wrapper stk-block-column__content stk-container stk-6eeb16b-container stk--no-background stk--no-padding\"><div class=\"stk-block-content stk-inner-blocks stk-6eeb16b-inner-blocks\">\n<div class=\"wp-block-stackable-button-group stk-block-button-group stk-block stk-12bccb5\" data-block-id=\"12bccb5\"><div class=\"stk-row stk-inner-blocks has-text-align-right stk-block-content stk-button-group\">\n<div class=\"wp-block-stackable-button stk-block-button stk-block stk-e0a6356\" data-block-id=\"e0a6356\"><style>.stk-e0a6356 .stk-button{padding-right:var(--stk--preset--spacing--80, 5.06rem) !important;padding-left:var(--stk--preset--spacing--80, 5.06rem) !important;}<\/style><a class=\"stk-link stk-button stk--hover-effect-darken\" href=\"mailto:contacto@consultoresosip.com.mx\"><span class=\"stk-button__inner-text\">COTIZAR<\/span><\/a><\/div>\n<\/div><\/div>\n<\/div><\/div><\/div>\n<\/div><\/div>\n\n\n\n<div style=\"height:100px\" aria-hidden=\"true\" class=\"wp-block-spacer\"><\/div>\n<\/div><\/div><\/div>\n<\/div><\/div>\n\n\n\n<div class=\"wp-block-stackable-columns alignfull stk-block-columns stk-block stk-9a37c9b stk-block-background\" data-block-id=\"9a37c9b\"><style>.stk-9a37c9b {padding-top:var(--stk--preset--spacing--70, 3.38rem) !important;padding-right:var(--stk--preset--spacing--70, 3.38rem) !important;padding-bottom:var(--stk--preset--spacing--70, 3.38rem) !important;padding-left:var(--stk--preset--spacing--70, 3.38rem) !important;margin-bottom:0px !important;}<\/style><div class=\"stk-row stk-inner-blocks stk-block-content stk-content-align stk-9a37c9b-column alignwide\">\n<div class=\"wp-block-stackable-column stk-block-column stk-column stk-block stk-b424131\" data-v=\"4\" data-block-id=\"b424131\"><div class=\"stk-column-wrapper stk-block-column__content stk-container stk-b424131-container stk--no-background stk--no-padding\"><div class=\"stk-block-content stk-inner-blocks stk-b424131-inner-blocks\">\n<div style=\"height:100px\" aria-hidden=\"true\" class=\"wp-block-spacer\"><\/div>\n\n\n\n<div class=\"wp-block-stackable-heading stk-block-heading stk-block-heading--v2 stk-block stk-72b15d7\" id=\"heading-placeholder\" data-block-id=\"72b15d7\"><style>.stk-72b15d7 .stk-block-heading__text{font-size:40px !important;}@media screen and (max-width:999px){.stk-72b15d7 .stk-block-heading__text{font-size:40px !important;}}<\/style><h2 class=\"stk-block-heading__text has-text-align-center\">BRANDING<\/h2><\/div>\n\n\n\n<div class=\"wp-block-stackable-text stk-block-text stk-block stk-751d3fe\" data-block-id=\"751d3fe\"><style>.stk-751d3fe {margin-bottom:40px !important;}<\/style><p class=\"stk-block-text__text has-text-align-center\">Creamos marcas memorables. Servicios de branding, estrategia dise\u00f1o y desarrollo de marca.\nOfrecemos servicios integrales de creatividad, dise\u00f1o, impresi\u00f3n y medios exteriores. 20 a\u00f1os de experiencia.<\/p><\/div>\n\n\n\n<div class=\"wp-block-stackable-columns stk-block-columns stk-block stk-ac427a7 stk-block-background\" data-block-id=\"ac427a7\"><style>.stk-ac427a7-column{flex-wrap:wrap !important;--stk-flex-grow:0 !important;}<\/style><div class=\"stk-row stk-inner-blocks stk-block-content stk-content-align stk-ac427a7-column\">\n<div class=\"wp-block-stackable-column stk-block-column stk-column stk-block stk-859c6aa stk-block-background stk--has-background-overlay\" data-v=\"4\" data-block-id=\"859c6aa\"><style>.stk-859c6aa {background-image:url(https:\/\/consultoresosip.com.mx\/wp-content\/uploads\/2025\/11\/3173625-de-tamano-grande.jpeg) !important;}<\/style><div class=\"stk-column-wrapper stk-block-column__content stk-container stk-859c6aa-container stk--no-background stk--no-padding\"><div class=\"stk-block-content stk-inner-blocks stk-859c6aa-inner-blocks\">\n<div style=\"height:600px\" aria-hidden=\"true\" class=\"wp-block-spacer\"><\/div>\n<\/div><\/div><\/div>\n\n\n\n<div class=\"wp-block-stackable-column stk-block-column stk-column stk-block stk-b512d0e stk-block-background stk--has-background-overlay\" data-v=\"4\" data-block-id=\"b512d0e\"><style>.stk-b512d0e {background-image:url(https:\/\/consultoresosip.com.mx\/wp-content\/uploads\/2025\/11\/BRANDING-ESTUDIO-de-tamano-grande.jpeg) !important;}<\/style><div class=\"stk-column-wrapper stk-block-column__content stk-container stk-b512d0e-container stk--no-background stk--no-padding\"><div class=\"stk-block-content stk-inner-blocks stk-b512d0e-inner-blocks\">\n<div style=\"height:600px\" aria-hidden=\"true\" class=\"wp-block-spacer\"><\/div>\n<\/div><\/div><\/div>\n<\/div><\/div>\n<\/div><\/div><\/div>\n<\/div><\/div>\n\n\n\n<div style=\"height:100px\" aria-hidden=\"true\" class=\"wp-block-spacer\"><\/div>\n\n\n\n<div class=\"wp-block-stackable-columns alignfull stk-block-columns stk-block stk-3efaeba\" data-block-id=\"3efaeba\"><style>.stk-3efaeba {margin-top:var(--stk--preset--spacing--70, 3.38rem) !important;margin-bottom:nullpx !important;}<\/style><div class=\"stk-row stk-inner-blocks stk-block-content stk-content-align stk-3efaeba-column alignwide\">\n<div class=\"wp-block-stackable-column stk-block-column stk-column stk-block stk-81376a7\" data-v=\"4\" data-block-id=\"81376a7\"><div class=\"stk-column-wrapper stk-block-column__content stk-container stk-81376a7-container stk--no-background stk--no-padding\"><div class=\"stk-block-content stk-inner-blocks stk-81376a7-inner-blocks\">\n<div class=\"wp-block-stackable-image stk-block-image stk-block stk-11bd4b2\" data-block-id=\"11bd4b2\"><style>.stk-11bd4b2 {margin-bottom:var(--stk--preset--spacing--80, 5.06rem) !important;}.stk-11bd4b2 .stk-img-wrapper{aspect-ratio:4\/1 !important;height:auto !important;}@media screen and (max-width:999px){.stk-11bd4b2 .stk-img-wrapper{height:auto !important;}}@media screen and (max-width:689px){.stk-11bd4b2 .stk-img-wrapper{height:auto !important;}}<\/style><figure><span class=\"stk-img-wrapper stk-image--shape-stretch\"><img loading=\"lazy\" decoding=\"async\" class=\"stk-img wp-image-935\" src=\"https:\/\/consultoresosip.com.mx\/wp-content\/uploads\/2025\/11\/VIDEOS-de-tamano-grande.jpeg\" width=\"1280\" height=\"853\" srcset=\"https:\/\/consultoresosip.com.mx\/wp-content\/uploads\/2025\/11\/VIDEOS-de-tamano-grande.jpeg 1280w, https:\/\/consultoresosip.com.mx\/wp-content\/uploads\/2025\/11\/VIDEOS-de-tamano-grande-600x400.jpeg 600w, https:\/\/consultoresosip.com.mx\/wp-content\/uploads\/2025\/11\/VIDEOS-de-tamano-grande-300x200.jpeg 300w, https:\/\/consultoresosip.com.mx\/wp-content\/uploads\/2025\/11\/VIDEOS-de-tamano-grande-1024x682.jpeg 1024w, https:\/\/consultoresosip.com.mx\/wp-content\/uploads\/2025\/11\/VIDEOS-de-tamano-grande-768x512.jpeg 768w\" sizes=\"auto, (max-width: 1280px) 100vw, 1280px\" \/><\/span><\/figure><\/div>\n\n\n\n<div class=\"wp-block-stackable-columns stk-block-columns stk-block stk-7e93a20\" data-block-id=\"7e93a20\"><div class=\"stk-row stk-inner-blocks stk-block-content stk-content-align stk-7e93a20-column\">\n<div class=\"wp-block-stackable-column stk-block-column stk-column stk-block stk-1438f61\" data-v=\"4\" data-block-id=\"1438f61\"><div class=\"stk-column-wrapper stk-block-column__content stk-container stk-1438f61-container stk--no-background stk--no-padding\"><div class=\"stk-block-content stk-inner-blocks stk-1438f61-inner-blocks\">\n<div class=\"wp-block-stackable-heading stk-block-heading stk-block-heading--v2 stk-block stk-f91025e\" id=\"heading-placeholder\" data-block-id=\"f91025e\"><h1 class=\"stk-block-heading__text\">Producci\u00f3n de campa\u00f1as<\/h1><\/div>\n<\/div><\/div><\/div>\n\n\n\n<div class=\"wp-block-stackable-column stk-block-column stk-column stk-block stk-f9887ba\" data-v=\"4\" data-block-id=\"f9887ba\"><div class=\"stk-column-wrapper stk-block-column__content stk-container stk-f9887ba-container stk--no-background stk--no-padding\"><div class=\"stk-block-content stk-inner-blocks stk-f9887ba-inner-blocks\">\n<div class=\"wp-block-stackable-text stk-block-text stk-block stk-be40b37\" data-block-id=\"be40b37\"><p class=\"stk-block-text__text\">Si quieres vender m\u00e1s, llegar mejor a tu audiencia y destacar, este servicio es para ti. Creamos experiencias visuales que comunican, emocionan y venden.<\/p><\/div>\n<\/div><\/div><\/div>\n<\/div><\/div>\n<\/div><\/div><\/div>\n<\/div><\/div>\n\n\n\n<div class=\"wp-block-stackable-columns alignfull stk-block-columns stk-block stk-d9a6eda\" data-block-id=\"d9a6eda\"><style>.stk-d9a6eda {margin-top:var(--stk--preset--spacing--70, 3.38rem) !important;margin-bottom:var(--stk--preset--spacing--70, 3.38rem) !important;}.stk-d9a6eda-column{flex-wrap:wrap !important;--stk-flex-grow:0 !important;}<\/style><div class=\"stk-row stk-inner-blocks stk-block-content stk-content-align stk-d9a6eda-column alignwide\">\n<div class=\"wp-block-stackable-column stk-block-column stk-column stk-block stk-34cde6a stk-block-background stk--has-background-overlay\" data-v=\"4\" data-block-id=\"34cde6a\"><style>.stk-34cde6a {background-image:url(https:\/\/consultoresosip.com.mx\/wp-content\/uploads\/2025\/11\/CAMAROGRAFO-de-tamano-grande.jpeg) !important;}.stk-34cde6a:before{background-color:#000000 !important;opacity:0.5 !important;}<\/style><div class=\"stk-column-wrapper stk-block-column__content stk-container stk-34cde6a-container stk--no-background stk--no-padding\"><div class=\"has-text-align-center stk-block-content stk-inner-blocks stk-34cde6a-inner-blocks\">\n<div style=\"height:400px\" aria-hidden=\"true\" class=\"wp-block-spacer\"><\/div>\n<\/div><\/div><\/div>\n<\/div><\/div>\n\n\n\n<p><\/p>\n","protected":false},"excerpt":{"rendered":"<p>Creaci\u00f3n de contenido Contamos con diversos servicios para la creaci\u00f3n de contenido con los cuales te ayudaremos a impulsar tu marca y llevarlo al siguiente nivel. Fotografia publicitaria Nos especializamos en la fotograf\u00eda de producto y video documental, buscamos elevar el nivel visual de los productos y servicios que nuestros clientes COTIZAR BRANDING Creamos marcas [&hellip;]<\/p>\n","protected":false},"author":1,"featured_media":0,"parent":0,"menu_order":0,"comment_status":"closed","ping_status":"closed","template":"","meta":{"footnotes":""},"class_list":["post-917","page","type-page","status-publish","hentry"],"blocksy_meta":{"disable_header":"no","styles_descriptor":{"styles":{"desktop":"","tablet":"","mobile":""},"google_fonts":[],"version":6},"has_hero_section":"disabled"},"_links":{"self":[{"href":"https:\/\/consultoresosip.com.mx\/index.php\/wp-json\/wp\/v2\/pages\/917","targetHints":{"allow":["GET"]}}],"collection":[{"href":"https:\/\/consultoresosip.com.mx\/index.php\/wp-json\/wp\/v2\/pages"}],"about":[{"href":"https:\/\/consultoresosip.com.mx\/index.php\/wp-json\/wp\/v2\/types\/page"}],"author":[{"embeddable":true,"href":"https:\/\/consultoresosip.com.mx\/index.php\/wp-json\/wp\/v2\/users\/1"}],"replies":[{"embeddable":true,"href":"https:\/\/consultoresosip.com.mx\/index.php\/wp-json\/wp\/v2\/comments?post=917"}],"version-history":[{"count":0,"href":"https:\/\/consultoresosip.com.mx\/index.php\/wp-json\/wp\/v2\/pages\/917\/revisions"}],"wp:attachment":[{"href":"https:\/\/consultoresosip.com.mx\/index.php\/wp-json\/wp\/v2\/media?parent=917"}],"curies":[{"name":"wp","href":"https:\/\/api.w.org\/{rel}","templated":true}]}}